{"id":11935,"date":"2024-08-09T15:57:10","date_gmt":"2024-08-09T15:57:10","guid":{"rendered":"https:\/\/obewise.com.br\/?post_type=product&#038;p=11935"},"modified":"2024-08-09T15:58:46","modified_gmt":"2024-08-09T15:58:46","slug":"controle-sem-fio-xbox-series-velocity-green","status":"publish","type":"product","link":"https:\/\/obewise.com.br\/index.php\/produto\/controle-sem-fio-xbox-series-velocity-green\/","title":{"rendered":"Controle sem fio Xbox Series Velocity Green"},"content":{"rendered":"<p>&nbsp;<\/p>\n<div class=\"product-specs-list-container\">\n<ul class=\"product-specs-list util-clearfix\">\n<li class=\"product-prop line-limit-length\"><span class=\"property-title\">Tipo de Interface:\u00a0<\/span><span class=\"property-desc line-limit-length\">bluetooth<\/span><\/li>\n<li class=\"product-prop line-limit-length\"><span class=\"property-title\">Embalagem:\u00a0<\/span><span class=\"property-desc line-limit-length\">Sim<\/span><\/li>\n<li class=\"product-prop line-limit-length\"><span class=\"property-title\">N\u00famero do modelo:\u00a0<\/span><span class=\"property-desc line-limit-length\">QAU-00090<\/span><\/li>\n<li class=\"product-prop line-limit-length\"><span class=\"property-title\">Compat\u00edvel Modelo MicroSoft:\u00a0<\/span><span class=\"property-desc line-limit-length\">XBOX SERIES X,S\u00e9rie s de xbox<\/span><\/li>\n<li class=\"product-prop line-limit-length\"><span class=\"property-title\">Marca\/Modelo compat\u00edvel:\u00a0<\/span><span class=\"property-desc line-limit-length\">Microsoft<\/span><\/li>\n<li class=\"product-prop line-limit-length\"><span class=\"property-title\">Origem:\u00a0<\/span><span class=\"property-desc line-limit-length\">BR (Origem)<\/span><\/li>\n<li class=\"product-prop line-limit-length\"><span class=\"property-title\">Tipo:\u00a0<\/span><span class=\"property-desc line-limit-length\">Joysticks<\/span><\/li>\n<\/ul>\n<\/div>\n<div class=\"detailmodule_html\">\n<div class=\"detail-desc-decorate-richtext\">Controle sem fio Xbox Series Velocity Green &#8211;<\/div>\n<div class=\"detail-desc-decorate-richtext\"><\/div>\n<div class=\"detail-desc-decorate-richtext\">\n<p>Experimente o Futuro dos Controles de Jogos com o Controle Sem Fio Xbox Velocity Green!<br \/>\nPrepare-se para mergulhar em uma experi\u00eancia de jogo verdadeiramente imersiva como nunca antes com o Controle Sem Fio Xbox Velocity Green. Este \u00e9 o pr\u00f3ximo n\u00edvel de jogos sem fio que voc\u00ea estava esperando.<\/p>\n<\/div>\n<div class=\"detail-desc-decorate-richtext\">Caracter\u00edsticas Principais:<\/div>\n<div class=\"detail-desc-decorate-richtext\">\u2022 Imers\u00e3o Total: O Velocity Green oferece uma imers\u00e3o profunda em seus jogos, gra\u00e7as \u00e0 tecnologia avan\u00e7ada de resposta de vibra\u00e7\u00e3o. Sinta cada pulso de energia, cada explos\u00e3o e cada reviravolta emocionante como se estivesse l\u00e1 dentro do jogo.<\/div>\n<div class=\"detail-desc-decorate-richtext\">\u2022 Conforto Inigual\u00e1vel: Com um design ergon\u00f4mico e uma ader\u00eancia texturizada, o Velocity Green foi projetado para ser extremamente confort\u00e1vel durante horas de jogo. Ajuste-se facilmente \u00e0 sua m\u00e3o, permitindo que voc\u00ea jogue sem esfor\u00e7o e com total controle.<\/div>\n<div class=\"detail-desc-decorate-richtext\">\n<p>\u2022 Liberdade Sem Fio: Diga adeus aos fios emaranhados e d\u00ea as boas-vindas \u00e0 liberdade de jogar sem fios. O Velocity Green se conecta instantaneamente ao seu console Xbox, proporcionando uma experi\u00eancia de jogo sem interrup\u00e7\u00f5es em qualquer lugar da sala.\u2022 Precis\u00e3o de Classe Mundial: Os bot\u00f5es responsivos e os gatilhos sens\u00edveis \u00e0 press\u00e3o garantem que cada a\u00e7\u00e3o seja executada com precis\u00e3o milim\u00e9trica. Voc\u00ea estar\u00e1 sempre um passo \u00e0 frente da concorr\u00eancia.<\/p>\n<\/div>\n<div class=\"detail-desc-decorate-richtext\">\n<p>\u2022 Bateria de Longa Dura\u00e7\u00e3o: Com uma bateria de longa dura\u00e7\u00e3o, voc\u00ea n\u00e3o ter\u00e1 que se preocupar com recargas constantes. Continue jogando sem parar.\u2022 Personaliza\u00e7\u00e3o Total: Personalize o seu controle com os bot\u00f5es atribu\u00edveis e a conectividade com o aplicativo Xbox. Crie o controle perfeito para o seu estilo de jogo \u00fanico.<\/p>\n<\/div>\n<div class=\"detail-desc-decorate-richtext\">\u2022 Compatibilidade Sem Limites: O Controle Sem Fio Xbox Velocity Green \u00e9 a chave para um ecossistema de jogos amplo e vers\u00e1til. Compat\u00edvel com Xbox Series X, Xbox Series S, Xbox One e dispositivos Windows 10, este controle garante que voc\u00ea nunca ficar\u00e1 de fora da a\u00e7\u00e3o, independentemente da plataforma que voc\u00ea escolher. Conecte-se sem esfor\u00e7o e desfrute de jogos sem interrup\u00e7\u00f5es.<\/div>\n<div class=\"detail-desc-decorate-richtext\">Eleve a sua experi\u00eancia de jogo a um novo patamar com o Controle Sem Fio Xbox Velocity Green. Sinta o jogo como nunca antes e desfrute de conforto supremo durante suas aventuras \u00e9picas. N\u00e3o perca a oportunidade de dominar o seu universo virtual com o Velocity Green &#8211; pe\u00e7a o seu agora e prepare-se para uma jornada de jogo inesquec\u00edvel.<\/div>\n<div class=\"detail-desc-decorate-richtext\"><\/div>\n<div class=\"detail-desc-decorate-richtext\">\n<p>Caracter\u00edsticas Gerais do Produto:<br \/>\n\u2022 Marca: Microsoft<br \/>\n\u2022 Modelo: QAU-00090<br \/>\n\u2022 Plataforma: Xbox Series S\/X<br \/>\n\u2022 Tipo de bateria: Pilhas AA e Bateria Recarreg\u00e1vel<br \/>\n\u2022 Compatibilidade: Xbox One, Xbox Series, Windows 10, Android e iOS<br \/>\n\u2022 Conex\u00e3o: Bluetooth v5.1 \/ USB-c<br \/>\n\u2022 Peso: 455 gramas (bruto com embalagem)<br \/>\n\u2022 Garantia: 3 meses<\/p>\n<\/div>\n<div class=\"detail-desc-decorate-richtext\">Acompanha o produto:<br \/>\n\u2022 1 Controle Sem Fio Xbox Velocity Green<br \/>\n\u2022 2 Pilhas AA<br \/>\n\u2022 Nota Fiscal<\/div>\n<div class=\"detail-desc-decorate-richtext\"><\/div>\n<div class=\"detail-desc-decorate-richtext\">Garantia:<br \/>\n\u2022 3 Meses<\/div>\n<\/div>\n<p>&nbsp;<\/p>\n","protected":false},"excerpt":{"rendered":"<p>&nbsp; Tipo de Interface:\u00a0bluetooth Embalagem:\u00a0Sim N\u00famero do modelo:\u00a0QAU-00090 Compat\u00edvel Modelo MicroSoft:\u00a0XBOX SERIES X,S\u00e9rie s de xbox Marca\/Modelo compat\u00edvel:\u00a0Microsoft Origem:\u00a0BR (Origem) Tipo:\u00a0Joysticks Controle sem fio Xbox Series Velocity Green &#8211; Experimente o Futuro dos Controles de Jogos com o Controle Sem Fio Xbox Velocity Green! Prepare-se para mergulhar em uma experi\u00eancia de jogo verdadeiramente imersiva como &hellip;<\/p>\n","protected":false},"featured_media":11936,"comment_status":"open","ping_status":"closed","template":"","meta":{"_bbp_topic_count":0,"_bbp_reply_count":0,"_bbp_total_topic_count":0,"_bbp_total_reply_count":0,"_bbp_voice_count":0,"_bbp_anonymous_reply_count":0,"_bbp_topic_count_hidden":0,"_bbp_reply_count_hidden":0,"_bbp_forum_subforum_count":0,"om_disable_all_campaigns":false,"_monsterinsights_skip_tracking":false,"_monsterinsights_sitenote_active":false,"_monsterinsights_sitenote_note":"","_monsterinsights_sitenote_category":0},"product_brand":[],"product_cat":[578,577],"product_tag":[580,579],"class_list":{"0":"post-11935","1":"product","2":"type-product","3":"status-publish","4":"has-post-thumbnail","6":"product_cat-controle","7":"product_cat-perifericos","8":"product_tag-series","9":"product_tag-xbox","11":"first","12":"instock","13":"shipping-taxable","14":"purchasable","15":"product-type-simple"},"aioseo_notices":[],"_links":{"self":[{"href":"https:\/\/obewise.com.br\/index.php\/wp-json\/wp\/v2\/product\/11935","targetHints":{"allow":["GET"]}}],"collection":[{"href":"https:\/\/obewise.com.br\/index.php\/wp-json\/wp\/v2\/product"}],"about":[{"href":"https:\/\/obewise.com.br\/index.php\/wp-json\/wp\/v2\/types\/product"}],"replies":[{"embeddable":true,"href":"https:\/\/obewise.com.br\/index.php\/wp-json\/wp\/v2\/comments?post=11935"}],"wp:featuredmedia":[{"embeddable":true,"href":"https:\/\/obewise.com.br\/index.php\/wp-json\/wp\/v2\/media\/11936"}],"wp:attachment":[{"href":"https:\/\/obewise.com.br\/index.php\/wp-json\/wp\/v2\/media?parent=11935"}],"wp:term":[{"taxonomy":"product_brand","embeddable":true,"href":"https:\/\/obewise.com.br\/index.php\/wp-json\/wp\/v2\/product_brand?post=11935"},{"taxonomy":"product_cat","embeddable":true,"href":"https:\/\/obewise.com.br\/index.php\/wp-json\/wp\/v2\/product_cat?post=11935"},{"taxonomy":"product_tag","embeddable":true,"href":"https:\/\/obewise.com.br\/index.php\/wp-json\/wp\/v2\/product_tag?post=11935"}],"curies":[{"name":"wp","href":"https:\/\/api.w.org\/{rel}","templated":true}]}}