{"id":11943,"date":"2024-08-09T16:16:26","date_gmt":"2024-08-09T16:16:26","guid":{"rendered":"https:\/\/obewise.com.br\/?post_type=product&#038;p=11943"},"modified":"2024-11-25T19:00:29","modified_gmt":"2024-11-25T19:00:29","slug":"microfone-redragon-seyfert-gm100","status":"publish","type":"product","link":"https:\/\/obewise.com.br\/index.php\/produto\/microfone-redragon-seyfert-gm100\/","title":{"rendered":"Microfone Redragon Seyfert GM100"},"content":{"rendered":"<div class=\"product-specs-list-container\">\n<ul class=\"product-specs-list util-clearfix\">\n<li class=\"product-prop line-limit-length\"><span class=\"property-title\">Tipo:\u00a0<\/span><span class=\"property-desc line-limit-length\">Ergon\u00f4mico<\/span><\/li>\n<li class=\"product-prop line-limit-length\"><span class=\"property-title\">Interface:\u00a0<\/span><span class=\"property-desc line-limit-length\">bluetooth<\/span><\/li>\n<li class=\"product-prop line-limit-length\"><span class=\"property-title\">Nome da marca:\u00a0<\/span><span class=\"property-desc line-limit-length\">REDRAGON<\/span><\/li>\n<\/ul>\n<\/div>\n<p><span style=\"background-color: #ffffff; color: #454545; font-size: 12px; font-family: 'Product Sans', sans-serif;\">Esse microfone da Redragon \u00e9 ideal para os seus streams de jogos; O microfone condensador de alta qualidade, omnidirecional, capta o som igualmente de todos os lados. Com conector padr\u00e3o de 3,5 mm, equipado com um cabo divisor de \u00e1udio, compat\u00edvel com todos os desktops, laptops, tablets e smartphones. Ele vem com suporte de trip\u00e9 port\u00e1til, rotativo e dobr\u00e1vel<\/span><\/p>\n","protected":false},"excerpt":{"rendered":"<p>Tipo:\u00a0Ergon\u00f4mico Interface:\u00a0bluetooth Nome da marca:\u00a0REDRAGON Esse microfone da Redragon \u00e9 ideal para os seus streams de jogos; O microfone condensador de alta qualidade, omnidirecional, capta o som igualmente de todos os lados. Com conector padr\u00e3o de 3,5 mm, equipado com um cabo divisor de \u00e1udio, compat\u00edvel com todos os desktops, laptops, tablets e smartphones. Ele &hellip;<\/p>\n","protected":false},"featured_media":11944,"comment_status":"open","ping_status":"closed","template":"","meta":{"_bbp_topic_count":0,"_bbp_reply_count":0,"_bbp_total_topic_count":0,"_bbp_total_reply_count":0,"_bbp_voice_count":0,"_bbp_anonymous_reply_count":0,"_bbp_topic_count_hidden":0,"_bbp_reply_count_hidden":0,"_bbp_forum_subforum_count":0,"om_disable_all_campaigns":false,"_monsterinsights_skip_tracking":false,"_monsterinsights_sitenote_active":false,"_monsterinsights_sitenote_note":"","_monsterinsights_sitenote_category":0},"product_brand":[],"product_cat":[586,585,583],"product_tag":[405,581],"class_list":{"0":"post-11943","1":"product","2":"type-product","3":"status-publish","4":"has-post-thumbnail","6":"product_cat-microfones","7":"product_cat-perifericos-computadores","8":"product_cat-redragon","9":"product_tag-games","10":"product_tag-microfone","12":"first","13":"instock","14":"shipping-taxable","15":"purchasable","16":"product-type-variable"},"aioseo_notices":[],"_links":{"self":[{"href":"https:\/\/obewise.com.br\/index.php\/wp-json\/wp\/v2\/product\/11943","targetHints":{"allow":["GET"]}}],"collection":[{"href":"https:\/\/obewise.com.br\/index.php\/wp-json\/wp\/v2\/product"}],"about":[{"href":"https:\/\/obewise.com.br\/index.php\/wp-json\/wp\/v2\/types\/product"}],"replies":[{"embeddable":true,"href":"https:\/\/obewise.com.br\/index.php\/wp-json\/wp\/v2\/comments?post=11943"}],"wp:featuredmedia":[{"embeddable":true,"href":"https:\/\/obewise.com.br\/index.php\/wp-json\/wp\/v2\/media\/11944"}],"wp:attachment":[{"href":"https:\/\/obewise.com.br\/index.php\/wp-json\/wp\/v2\/media?parent=11943"}],"wp:term":[{"taxonomy":"product_brand","embeddable":true,"href":"https:\/\/obewise.com.br\/index.php\/wp-json\/wp\/v2\/product_brand?post=11943"},{"taxonomy":"product_cat","embeddable":true,"href":"https:\/\/obewise.com.br\/index.php\/wp-json\/wp\/v2\/product_cat?post=11943"},{"taxonomy":"product_tag","embeddable":true,"href":"https:\/\/obewise.com.br\/index.php\/wp-json\/wp\/v2\/product_tag?post=11943"}],"curies":[{"name":"wp","href":"https:\/\/api.w.org\/{rel}","templated":true}]}}