{"id":14567,"date":"2024-12-16T13:18:47","date_gmt":"2024-12-16T13:18:47","guid":{"rendered":"https:\/\/obewise.com.br\/index.php\/produto\/controle-usb-snes-super-nintendo-pc\/"},"modified":"2025-10-20T03:53:10","modified_gmt":"2025-10-20T03:53:10","slug":"controle-usb-snes-super-nintendo-pc","status":"publish","type":"product","link":"https:\/\/obewise.com.br\/index.php\/produto\/controle-usb-snes-super-nintendo-pc\/","title":{"rendered":"Controle Usb Snes Super nintendo PC"},"content":{"rendered":"\n<div class=\"product-specs-list-container\">\n<ul class=\"product-specs-list util-clearfix\">\n<li class=\"product-prop line-limit-length\"><span\n\t\t\t\t\t\t\t\t\tclass=\"property-title\">Tipo de dispositivos:&nbsp;<\/span><span\n\t\t\t\t\t\t\t\t\tclass=\"property-desc line-limit-length\">other<\/span>\n\t\t\t\t\t\t<\/li>\n<li class=\"product-prop line-limit-length\"><span\n\t\t\t\t\t\t\t\t\tclass=\"property-title\">Bluetooth-compat\u00edvel:&nbsp;<\/span><span\n\t\t\t\t\t\t\t\t\tclass=\"property-desc line-limit-length\">no<\/span>\n\t\t\t\t\t\t<\/li>\n<li class=\"product-prop line-limit-length\"><span\n\t\t\t\t\t\t\t\t\tclass=\"property-title\">Wi-fi gr\u00e1tis wi-fi:&nbsp;<\/span><span\n\t\t\t\t\t\t\t\t\tclass=\"property-desc line-limit-length\">no<\/span>\n\t\t\t\t\t\t<\/li>\n<li class=\"product-prop line-limit-length\"><span\n\t\t\t\t\t\t\t\t\tclass=\"property-title\">Categoria: categoria:&nbsp;<\/span><span\n\t\t\t\t\t\t\t\t\tclass=\"property-desc line-limit-length\">Console de jogos de v\u00eddeo<\/span>\n\t\t\t\t\t\t<\/li>\n<li class=\"product-prop line-limit-length\"><span\n\t\t\t\t\t\t\t\t\tclass=\"property-title\">Idioma preferencial:&nbsp;<\/span><span\n\t\t\t\t\t\t\t\t\tclass=\"property-desc line-limit-length\">Japon\u00eas<\/span>\n\t\t\t\t\t\t<\/li>\n<li class=\"product-prop line-limit-length\"><span\n\t\t\t\t\t\t\t\t\tclass=\"property-title\">Nome da marca:&nbsp;<\/span><span\n\t\t\t\t\t\t\t\t\tclass=\"property-desc line-limit-length\">&quot;GEN\u00c9RICO&quot;<\/span>\n\t\t\t\t\t\t<\/li>\n<li class=\"product-prop line-limit-length\"><span\n\t\t\t\t\t\t\t\t\tclass=\"property-title\">Origem:&nbsp;<\/span><span\n\t\t\t\t\t\t\t\t\tclass=\"property-desc line-limit-length\">BR (Origem)<\/span>\n\t\t\t\t\t\t<\/li>\n<\/ul><\/div>\n<p style=\"font-family:arial, helvetica, sans-serif;font-size:13px;line-height:inherit;color:rgb(0, 0, 0);border:0px none;margin:0px;margin-bottom:0px;margin-top:0px;margin-left:0px;margin-right:0px;padding:0px;padding-bottom:0px;padding-top:0px;padding-left:0px;padding-right:0px;box-sizing:content-box\"><span style=\"background-color:rgb(255, 255, 255);color:rgb(0, 0, 0);font-size:20px\"><span style=\"background-color:rgb(255, 255, 255);color:rgb(0, 0, 0);font-size:20px;font-family:georgia, serif\"><span style=\"background-color:rgb(255, 255, 255);color:rgb(0, 0, 0);font-size:20px;font-family:arial, helvetica, sans-serif\">Caracter\u00edsticas:<\/span><\/span><\/span><\/p>\n<p><\/p>\n<div style=\"font-family:arial, helvetica, sans-serif;font-size:13px;line-height:inherit;text-align:left;color:rgb(0, 0, 0);border:0px none;margin:0px;margin-bottom:0px;margin-top:0px;margin-left:0px;margin-right:0px;padding:0px;padding-bottom:0px;padding-top:0px;padding-left:0px;padding-right:0px;box-sizing:content-box\" align=\"left\"><span style=\"color:rgb(0, 0, 0);font-size:16px;font-family:arial, helvetica, sans-serif\">Jogue seus jogos de computador com uma sensa\u00e7\u00e3o retro da velha escola. Este <br \/>controlador usb da permite que voc\u00ea jogue seus jogos favoritos de<br \/>pc, apenas conectando-o \u00e0 sua unidade usb. O super controlador de 16 <br \/>bits possui 8 bot\u00f5es de f\u00e1cil acesso. Apenas plug and play.<\/span><\/div>\n<p><\/p>\n<p style=\"text-align:left\" align=\"left\"><span style=\"color:rgb(0, 0, 0);font-size:16px;font-family:arial, helvetica, sans-serif\">Compat\u00edvel com win98\/me\/2000\/2003\/xp\/vista\/para windows 7\/8\/10<\/span><\/p>\n<p><\/p>\n<p style=\"text-align:left\" align=\"left\"><span style=\"color:rgb(0, 0, 0);font-size:16px;font-family:arial, helvetica, sans-serif\">Compat\u00edvel com computadores de 32 bits e 64 bits!<\/span><\/p>\n<p style=\"text-align:left\" align=\"left\"><span style=\"color:rgb(0, 0, 0);font-size:16px;font-family:arial, helvetica, sans-serif\">Compat\u00edvel com tudo para sistemas operacionais mac!<\/span><\/p>\n<div style=\"font-family:arial, helvetica, sans-serif;font-size:13px;line-height:inherit;text-align:left;color:rgb(0, 0, 0);border:0px none;margin:0px;margin-bottom:0px;margin-top:0px;margin-left:0px;margin-right:0px;padding:0px;padding-bottom:0px;padding-top:0px;padding-left:0px;padding-right:0px;box-sizing:content-box\" align=\"left\"><span style=\"color:rgb(0, 0, 0);font-size:16px;font-family:arial, helvetica, sans-serif\">O cabo tem aproximadamente 1.5m1X<\/span><\/div>\n<div style=\"font-family:arial, helvetica, sans-serif;font-size:13px;line-height:inherit;text-align:left;color:rgb(0, 0, 0);border:0px none;margin:0px;margin-bottom:0px;margin-top:0px;margin-left:0px;margin-right:0px;padding:0px;padding-bottom:0px;padding-top:0px;padding-left:0px;padding-right:0px;box-sizing:content-box\" align=\"left\"><\/div>\n<p style=\"text-align:left\" align=\"left\"><span style=\"color:rgb(0, 0, 0);font-size:20px;font-family:arial, helvetica, sans-serif\">Lista de embalagem:<\/span><\/p>\n<p><\/p>\n<p style=\"text-align:left\" align=\"left\"><span style=\"color:rgb(0, 0, 0);font-size:16px;font-family:arial, helvetica, sans-serif\">1 x controlador USB<\/span><\/p>\n<p><\/p>\n<p style=\"text-align:left\" align=\"left\"><img decoding=\"async\" src=\"https:\/\/ae01.alicdn.com\/kf\/U12a34561f44e46f5b9f15e872c4a5b57P.jpg\" slate-data-type=\"image\"\/><img decoding=\"async\" src=\"https:\/\/ae01.alicdn.com\/kf\/U8139846a29374df2ab754d2bd76e21d7U.jpg\" slate-data-type=\"image\"\/><img decoding=\"async\" src=\"https:\/\/ae01.alicdn.com\/kf\/Ufeb631d96be34222b7464a4a05d91612C.jpg\" slate-data-type=\"image\"\/><img decoding=\"async\" src=\"https:\/\/ae01.alicdn.com\/kf\/U5e7e30ed68984a04ac55263752fbab69M.jpg\" slate-data-type=\"image\"\/><img decoding=\"async\" src=\"https:\/\/ae01.alicdn.com\/kf\/U2c931d319a234b60a563866eb1587696s.jpg\" slate-data-type=\"image\"\/><img decoding=\"async\" src=\"https:\/\/ae01.alicdn.com\/kf\/U8cf8b93a9d1f4782b4096f7b5c65531dP.jpg\" slate-data-type=\"image\"\/><\/p>\n","protected":false},"excerpt":{"rendered":"<p>Tipo de dispositivos:&nbsp;other Bluetooth-compat\u00edvel:&nbsp;no Wi-fi gr\u00e1tis wi-fi:&nbsp;no Categoria: categoria:&nbsp;Console de jogos de v\u00eddeo Idioma preferencial:&nbsp;Japon\u00eas Nome da marca:&nbsp;&quot;GEN\u00c9RICO&quot; Origem:&nbsp;BR (Origem) Caracter\u00edsticas: Jogue seus jogos de computador com uma sensa\u00e7\u00e3o retro da velha escola. Este controlador usb da permite que voc\u00ea jogue seus jogos favoritos depc, apenas conectando-o \u00e0 sua unidade usb. O super controlador de &hellip;<\/p>\n","protected":false},"featured_media":14568,"comment_status":"open","ping_status":"closed","template":"","meta":{"_bbp_topic_count":0,"_bbp_reply_count":0,"_bbp_total_topic_count":0,"_bbp_total_reply_count":0,"_bbp_voice_count":0,"_bbp_anonymous_reply_count":0,"_bbp_topic_count_hidden":0,"_bbp_reply_count_hidden":0,"_bbp_forum_subforum_count":0,"om_disable_all_campaigns":false,"_monsterinsights_skip_tracking":false,"_monsterinsights_sitenote_active":false,"_monsterinsights_sitenote_note":"","_monsterinsights_sitenote_category":0},"product_brand":[],"product_cat":[578],"product_tag":[573],"class_list":{"0":"post-14567","1":"product","2":"type-product","3":"status-publish","4":"has-post-thumbnail","6":"product_cat-controle","7":"product_tag-controle","9":"first","10":"instock","11":"shipping-taxable","12":"purchasable","13":"product-type-simple"},"aioseo_notices":[],"_links":{"self":[{"href":"https:\/\/obewise.com.br\/index.php\/wp-json\/wp\/v2\/product\/14567","targetHints":{"allow":["GET"]}}],"collection":[{"href":"https:\/\/obewise.com.br\/index.php\/wp-json\/wp\/v2\/product"}],"about":[{"href":"https:\/\/obewise.com.br\/index.php\/wp-json\/wp\/v2\/types\/product"}],"replies":[{"embeddable":true,"href":"https:\/\/obewise.com.br\/index.php\/wp-json\/wp\/v2\/comments?post=14567"}],"wp:featuredmedia":[{"embeddable":true,"href":"https:\/\/obewise.com.br\/index.php\/wp-json\/wp\/v2\/media\/14568"}],"wp:attachment":[{"href":"https:\/\/obewise.com.br\/index.php\/wp-json\/wp\/v2\/media?parent=14567"}],"wp:term":[{"taxonomy":"product_brand","embeddable":true,"href":"https:\/\/obewise.com.br\/index.php\/wp-json\/wp\/v2\/product_brand?post=14567"},{"taxonomy":"product_cat","embeddable":true,"href":"https:\/\/obewise.com.br\/index.php\/wp-json\/wp\/v2\/product_cat?post=14567"},{"taxonomy":"product_tag","embeddable":true,"href":"https:\/\/obewise.com.br\/index.php\/wp-json\/wp\/v2\/product_tag?post=14567"}],"curies":[{"name":"wp","href":"https:\/\/api.w.org\/{rel}","templated":true}]}}